{"id":6415,"date":"2023-02-24T18:05:47","date_gmt":"2023-02-24T17:05:47","guid":{"rendered":"https:\/\/azoravoyages.com\/a-propos-de-nous\/"},"modified":"2024-01-30T09:21:27","modified_gmt":"2024-01-30T08:21:27","slug":"a-propos-de-nous","status":"publish","type":"page","link":"https:\/\/azoravoyages.com\/fr\/a-propos-de-nous\/","title":{"rendered":"AZORA"},"content":{"rendered":"\n<div class=\"wp-block-group alignfull is-layout-flow wp-container-core-group-is-layout-320ba05f wp-block-group-is-layout-flow\">\n<div class=\"wp-block-media-text alignfull has-media-on-the-right is-stacked-on-mobile is-image-fill margin-top-none margin-bottom-none has-link-color has-background-background-color has-text-color has-background wp-elements-7928ad03bf9feebaf12788204676fa62\" style=\"color:#ffffff\"><div class=\"wp-block-media-text__content\">\n<div class=\"wp-block-group is-layout-flow wp-block-group-is-layout-flow\" style=\"padding-top:9.5%;padding-bottom:9.5%\">\n<p class=\"has-text-align-left has-foreground-color has-text-color has-small-font-size wp-block-paragraph\">VOYAGER AUTREMENT.<\/p>\n\n\n\n<div style=\"height:10vw\" aria-hidden=\"true\" class=\"wp-block-spacer\"><\/div>\n\n\n\n<h2 class=\"wp-block-heading has-foreground-color has-text-color\" style=\"font-size:46px;font-style:normal;font-weight:700;line-height:1.2\">AZORA Voyages<\/h2>\n\n\n\n<p class=\"has-foreground-color has-text-color wp-block-paragraph\">Depuis notre cr\u00e9ation, nous sommes passionn\u00e9s par l&rsquo;art de la d\u00e9couverte et nous sommes d\u00e9termin\u00e9s \u00e0 cr\u00e9er des exp\u00e9riences de voyage inoubliables pour nos clients. <\/p>\n\n\n\n<p class=\"has-foreground-color has-text-color has-link-color wp-elements-bbca920faeb3864c1b708739f01d0b20 wp-block-paragraph\" style=\"font-style:normal;font-weight:700\"><a href=\"https:\/\/azoravoyages.com\/fr\/a-propos-de-nous\/identite-azora\/\">EN SAVOIR PLUS<\/a><\/p>\n<\/div>\n<\/div><figure class=\"wp-block-media-text__media\" style=\"background-image:url(https:\/\/azoravoyages.com\/wp-content\/uploads\/2023\/09\/pexels-photo-18134892-1024x682.jpeg);background-position:50% 50%\"><a href=\"https:\/\/azoravoyages.com\/fr\/a-propos-de-nous\/identite-azora\/\"><img data-recalc-dims=\"1\" loading=\"lazy\" decoding=\"async\" width=\"1024\" height=\"682\" src=\"https:\/\/i0.wp.com\/azoravoyages.com\/wp-content\/uploads\/2023\/09\/pexels-photo-18134892.jpeg?resize=1024%2C682&#038;ssl=1\" alt=\"people on a boat at sunset\" class=\"wp-image-7510 size-full\" srcset=\"https:\/\/i0.wp.com\/azoravoyages.com\/wp-content\/uploads\/2023\/09\/pexels-photo-18134892.jpeg?resize=1024%2C682&amp;ssl=1 1024w, https:\/\/i0.wp.com\/azoravoyages.com\/wp-content\/uploads\/2023\/09\/pexels-photo-18134892.jpeg?resize=300%2C200&amp;ssl=1 300w, https:\/\/i0.wp.com\/azoravoyages.com\/wp-content\/uploads\/2023\/09\/pexels-photo-18134892.jpeg?resize=768%2C512&amp;ssl=1 768w, https:\/\/i0.wp.com\/azoravoyages.com\/wp-content\/uploads\/2023\/09\/pexels-photo-18134892.jpeg?resize=1536%2C1024&amp;ssl=1 1536w, https:\/\/i0.wp.com\/azoravoyages.com\/wp-content\/uploads\/2023\/09\/pexels-photo-18134892.jpeg?resize=1200%2C800&amp;ssl=1 1200w, https:\/\/i0.wp.com\/azoravoyages.com\/wp-content\/uploads\/2023\/09\/pexels-photo-18134892.jpeg?w=1880&amp;ssl=1 1880w\" sizes=\"auto, (max-width: 1000px) 100vw, 1000px\" \/><\/a><\/figure><\/div>\n\n\n\n<div class=\"wp-block-media-text alignfull is-stacked-on-mobile is-image-fill margin-top-none margin-bottom-none has-background-background-color has-text-color has-background has-link-color wp-elements-000c8b8bf73a699e81f3c621768e296c\" style=\"color:#222222\"><figure class=\"wp-block-media-text__media\" style=\"background-image:url(https:\/\/azoravoyages.com\/wp-content\/uploads\/2023\/02\/ales-krivec-nO0V_T0g2fM-unsplash-1-1024x515.jpg);background-position:50% 50%\"><a href=\"https:\/\/azoravoyages.com\/fr\/a-propos-de-nous\/nos-valeurs\/\"><img data-recalc-dims=\"1\" loading=\"lazy\" decoding=\"async\" width=\"1024\" height=\"515\" src=\"https:\/\/i0.wp.com\/azoravoyages.com\/wp-content\/uploads\/2023\/02\/ales-krivec-nO0V_T0g2fM-unsplash-1.jpg?resize=1024%2C515&#038;ssl=1\" alt=\"Mountains of Pacific valley in Panama\nAzora clients &amp; values\" class=\"wp-image-1418 size-full\" srcset=\"https:\/\/i0.wp.com\/azoravoyages.com\/wp-content\/uploads\/2023\/02\/ales-krivec-nO0V_T0g2fM-unsplash-1.jpg?resize=1024%2C515&amp;ssl=1 1024w, https:\/\/i0.wp.com\/azoravoyages.com\/wp-content\/uploads\/2023\/02\/ales-krivec-nO0V_T0g2fM-unsplash-1.jpg?resize=300%2C151&amp;ssl=1 300w, https:\/\/i0.wp.com\/azoravoyages.com\/wp-content\/uploads\/2023\/02\/ales-krivec-nO0V_T0g2fM-unsplash-1.jpg?resize=768%2C387&amp;ssl=1 768w, https:\/\/i0.wp.com\/azoravoyages.com\/wp-content\/uploads\/2023\/02\/ales-krivec-nO0V_T0g2fM-unsplash-1.jpg?resize=1536%2C773&amp;ssl=1 1536w, https:\/\/i0.wp.com\/azoravoyages.com\/wp-content\/uploads\/2023\/02\/ales-krivec-nO0V_T0g2fM-unsplash-1.jpg?resize=2048%2C1031&amp;ssl=1 2048w, https:\/\/i0.wp.com\/azoravoyages.com\/wp-content\/uploads\/2023\/02\/ales-krivec-nO0V_T0g2fM-unsplash-1.jpg?resize=1200%2C604&amp;ssl=1 1200w, https:\/\/i0.wp.com\/azoravoyages.com\/wp-content\/uploads\/2023\/02\/ales-krivec-nO0V_T0g2fM-unsplash-1.jpg?w=3000&amp;ssl=1 3000w\" sizes=\"auto, (max-width: 1000px) 100vw, 1000px\" \/><\/a><\/figure><div class=\"wp-block-media-text__content\">\n<div class=\"wp-block-group is-layout-flow wp-block-group-is-layout-flow\" style=\"padding-top:9.5%;padding-bottom:9.5%\">\n<p class=\"has-small-font-size wp-block-paragraph\">CE QUE NOUS D\u00c9FENDONS NOUS D\u00c9FINIT<\/p>\n\n\n\n<div style=\"height:10vw\" aria-hidden=\"true\" class=\"wp-block-spacer\"><\/div>\n\n\n\n<h2 class=\"wp-block-heading\" style=\"font-size:46px;font-style:normal;font-weight:700;line-height:1.2\">Nos valeurs<\/h2>\n\n\n\n<p class=\"wp-block-paragraph\">Nous voulons d\u00e9couvrir le monde autrement. Vous \u00eates partant ? <\/p>\n\n\n\n<p class=\"wp-block-paragraph\" style=\"font-style:normal;font-weight:700\"><a href=\"https:\/\/azoravoyages.com\/fr\/a-propos-de-nous\/nos-valeurs\/\">EN SAVOIR PLUS<\/a><\/p>\n<\/div>\n<\/div><\/div>\n\n\n\n<div class=\"wp-block-media-text alignfull has-media-on-the-right is-stacked-on-mobile is-image-fill margin-top-none margin-bottom-none has-link-color has-background-background-color has-text-color has-background wp-elements-f3f1c01e8637b27aa691ad6403c568f7\" style=\"color:#ffffff\"><div class=\"wp-block-media-text__content\">\n<div class=\"wp-block-group is-layout-flow wp-block-group-is-layout-flow\" style=\"padding-top:9.5%;padding-bottom:9.5%\">\n<p class=\"has-text-align-left has-foreground-color has-text-color has-small-font-size wp-block-paragraph\">VOTRE SATISFACTION, C&rsquo;EST CE QUI COMPTE<\/p>\n\n\n\n<div style=\"height:10vw\" aria-hidden=\"true\" class=\"wp-block-spacer\"><\/div>\n\n\n\n<h2 class=\"wp-block-heading has-foreground-color has-text-color\" style=\"font-size:46px;font-style:normal;font-weight:700;line-height:1.2\">Nos clients<\/h2>\n\n\n\n<p class=\"has-foreground-color has-text-color wp-block-paragraph\">Vous \u00eates notre priorit\u00e9. Nous faisons de notre mieux pour vous faciliter la t\u00e2che.  <\/p>\n\n\n\n<p class=\"has-foreground-color has-text-color has-link-color wp-elements-2b2b7f9450fa3f6b89b790bdb2637e43 wp-block-paragraph\" style=\"font-style:normal;font-weight:700\"><a href=\"https:\/\/azoravoyages.com\/fr\/a-propos-de-nous\/nos-clients\/\">EN SAVOIR PLUS<\/a><\/p>\n<\/div>\n<\/div><figure class=\"wp-block-media-text__media\" style=\"background-image:url(https:\/\/azoravoyages.com\/wp-content\/uploads\/2023\/02\/javier-allegue-barros-Kr3Ls8Tw8h4-unsplash-1-1024x618.jpg);background-position:50% 50%\"><a href=\"https:\/\/azoravoyages.com\/fr\/a-propos-de-nous\/nos-clients\/\"><img data-recalc-dims=\"1\" loading=\"lazy\" decoding=\"async\" width=\"1024\" height=\"618\" src=\"https:\/\/i0.wp.com\/azoravoyages.com\/wp-content\/uploads\/2023\/02\/javier-allegue-barros-Kr3Ls8Tw8h4-unsplash-1.jpg?resize=1024%2C618&#038;ssl=1\" alt=\"Azora clients &amp; values - customer satifaction\" class=\"wp-image-1603 size-full\" srcset=\"https:\/\/i0.wp.com\/azoravoyages.com\/wp-content\/uploads\/2023\/02\/javier-allegue-barros-Kr3Ls8Tw8h4-unsplash-1.jpg?resize=1024%2C618&amp;ssl=1 1024w, https:\/\/i0.wp.com\/azoravoyages.com\/wp-content\/uploads\/2023\/02\/javier-allegue-barros-Kr3Ls8Tw8h4-unsplash-1.jpg?resize=300%2C181&amp;ssl=1 300w, https:\/\/i0.wp.com\/azoravoyages.com\/wp-content\/uploads\/2023\/02\/javier-allegue-barros-Kr3Ls8Tw8h4-unsplash-1.jpg?resize=768%2C463&amp;ssl=1 768w, https:\/\/i0.wp.com\/azoravoyages.com\/wp-content\/uploads\/2023\/02\/javier-allegue-barros-Kr3Ls8Tw8h4-unsplash-1.jpg?resize=1536%2C927&amp;ssl=1 1536w, https:\/\/i0.wp.com\/azoravoyages.com\/wp-content\/uploads\/2023\/02\/javier-allegue-barros-Kr3Ls8Tw8h4-unsplash-1.jpg?resize=2048%2C1236&amp;ssl=1 2048w, https:\/\/i0.wp.com\/azoravoyages.com\/wp-content\/uploads\/2023\/02\/javier-allegue-barros-Kr3Ls8Tw8h4-unsplash-1.jpg?resize=1200%2C724&amp;ssl=1 1200w, https:\/\/i0.wp.com\/azoravoyages.com\/wp-content\/uploads\/2023\/02\/javier-allegue-barros-Kr3Ls8Tw8h4-unsplash-1.jpg?w=3000&amp;ssl=1 3000w\" sizes=\"auto, (max-width: 1000px) 100vw, 1000px\" \/><\/a><\/figure><\/div>\n<\/div>\n","protected":false},"excerpt":{"rendered":"<p>VOYAGER AUTREMENT. AZORA Voyages Depuis notre cr\u00e9ation, nous sommes passionn\u00e9s par l&rsquo;art de la d\u00e9couverte et nous sommes d\u00e9termin\u00e9s \u00e0 cr\u00e9er des exp\u00e9riences de voyage inoubliables pour nos clients. EN SAVOIR PLUS CE QUE NOUS D\u00c9FENDONS NOUS D\u00c9FINIT Nos valeurs Nous voulons d\u00e9couvrir le monde autrement. Vous \u00eates partant ? EN SAVOIR PLUS VOTRE SATISFACTION, [&hellip;]<\/p>\n","protected":false},"author":231716647,"featured_media":0,"parent":0,"menu_order":0,"comment_status":"closed","ping_status":"closed","template":"","meta":{"_crdt_document":"","content-type":"","footnotes":""},"class_list":["post-6415","page","type-page","status-publish","hentry"],"yoast_head":"<!-- This site is optimized with the Yoast SEO plugin v27.5 - https:\/\/yoast.com\/product\/yoast-seo-wordpress\/ -->\n<title>AZORA - AZORA<\/title>\n<meta name=\"description\" content=\"Nous sommes enti\u00e8rement d\u00e9vou\u00e9s \u00e0 \u00e0 vous offrir la meilleure exp\u00e9rience. Votre satisfaction est notre indicateur de performance. En savoir plus sur AZORA Voyages.\" \/>\n<meta name=\"robots\" content=\"index, follow, max-snippet:-1, max-image-preview:large, max-video-preview:-1\" \/>\n<link rel=\"canonical\" href=\"https:\/\/azoravoyages.com\/fr\/a-propos-de-nous\/\" \/>\n<meta property=\"og:locale\" content=\"fr_FR\" \/>\n<meta property=\"og:type\" content=\"article\" \/>\n<meta property=\"og:title\" content=\"AZORA - AZORA\" \/>\n<meta property=\"og:description\" content=\"Nous sommes enti\u00e8rement d\u00e9vou\u00e9s \u00e0 \u00e0 vous offrir la meilleure exp\u00e9rience. Votre satisfaction est notre indicateur de performance. En savoir plus sur AZORA Voyages.\" \/>\n<meta property=\"og:url\" content=\"https:\/\/azoravoyages.com\/fr\/a-propos-de-nous\/\" \/>\n<meta property=\"og:site_name\" content=\"AZORA\" \/>\n<meta property=\"article:publisher\" content=\"https:\/\/www.facebook.com\/azoraagency\" \/>\n<meta property=\"article:modified_time\" content=\"2024-01-30T08:21:27+00:00\" \/>\n<meta property=\"og:image\" content=\"https:\/\/azoravoyages.com\/wp-content\/uploads\/2023\/09\/pexels-photo-18134892-1024x682.jpeg\" \/>\n<meta name=\"twitter:card\" content=\"summary_large_image\" \/>\n<meta name=\"twitter:label1\" content=\"Dur\u00e9e de lecture estim\u00e9e\" \/>\n\t<meta name=\"twitter:data1\" content=\"1 minute\" \/>\n<script type=\"application\/ld+json\" class=\"yoast-schema-graph\">{\"@context\":\"https:\\\/\\\/schema.org\",\"@graph\":[{\"@type\":\"WebPage\",\"@id\":\"https:\\\/\\\/azoravoyages.com\\\/fr\\\/a-propos-de-nous\\\/\",\"url\":\"https:\\\/\\\/azoravoyages.com\\\/fr\\\/a-propos-de-nous\\\/\",\"name\":\"AZORA - AZORA\",\"isPartOf\":{\"@id\":\"https:\\\/\\\/azoravoyages.com\\\/fr\\\/#website\"},\"primaryImageOfPage\":{\"@id\":\"https:\\\/\\\/azoravoyages.com\\\/fr\\\/a-propos-de-nous\\\/#primaryimage\"},\"image\":{\"@id\":\"https:\\\/\\\/azoravoyages.com\\\/fr\\\/a-propos-de-nous\\\/#primaryimage\"},\"thumbnailUrl\":\"https:\\\/\\\/azoravoyages.com\\\/wp-content\\\/uploads\\\/2023\\\/09\\\/pexels-photo-18134892-1024x682.jpeg\",\"datePublished\":\"2023-02-24T17:05:47+00:00\",\"dateModified\":\"2024-01-30T08:21:27+00:00\",\"description\":\"Nous sommes enti\u00e8rement d\u00e9vou\u00e9s \u00e0 \u00e0 vous offrir la meilleure exp\u00e9rience. Votre satisfaction est notre indicateur de performance. En savoir plus sur AZORA Voyages.\",\"breadcrumb\":{\"@id\":\"https:\\\/\\\/azoravoyages.com\\\/fr\\\/a-propos-de-nous\\\/#breadcrumb\"},\"inLanguage\":\"fr-FR\",\"potentialAction\":[{\"@type\":\"ReadAction\",\"target\":[\"https:\\\/\\\/azoravoyages.com\\\/fr\\\/a-propos-de-nous\\\/\"]}]},{\"@type\":\"ImageObject\",\"inLanguage\":\"fr-FR\",\"@id\":\"https:\\\/\\\/azoravoyages.com\\\/fr\\\/a-propos-de-nous\\\/#primaryimage\",\"url\":\"https:\\\/\\\/azoravoyages.com\\\/wp-content\\\/uploads\\\/2023\\\/09\\\/pexels-photo-18134892-1024x682.jpeg\",\"contentUrl\":\"https:\\\/\\\/azoravoyages.com\\\/wp-content\\\/uploads\\\/2023\\\/09\\\/pexels-photo-18134892-1024x682.jpeg\"},{\"@type\":\"BreadcrumbList\",\"@id\":\"https:\\\/\\\/azoravoyages.com\\\/fr\\\/a-propos-de-nous\\\/#breadcrumb\",\"itemListElement\":[{\"@type\":\"ListItem\",\"position\":1,\"name\":\"Accueil\",\"item\":\"https:\\\/\\\/azoravoyages.com\\\/fr\\\/\"},{\"@type\":\"ListItem\",\"position\":2,\"name\":\"AZORA\"}]},{\"@type\":\"WebSite\",\"@id\":\"https:\\\/\\\/azoravoyages.com\\\/fr\\\/#website\",\"url\":\"https:\\\/\\\/azoravoyages.com\\\/fr\\\/\",\"name\":\"AZORA\",\"description\":\"Travel differently.\",\"publisher\":{\"@id\":\"https:\\\/\\\/azoravoyages.com\\\/fr\\\/#organization\"},\"potentialAction\":[{\"@type\":\"SearchAction\",\"target\":{\"@type\":\"EntryPoint\",\"urlTemplate\":\"https:\\\/\\\/azoravoyages.com\\\/fr\\\/?s={search_term_string}\"},\"query-input\":{\"@type\":\"PropertyValueSpecification\",\"valueRequired\":true,\"valueName\":\"search_term_string\"}}],\"inLanguage\":\"fr-FR\"},{\"@type\":\"Organization\",\"@id\":\"https:\\\/\\\/azoravoyages.com\\\/fr\\\/#organization\",\"name\":\"AZORA\",\"url\":\"https:\\\/\\\/azoravoyages.com\\\/fr\\\/\",\"logo\":{\"@type\":\"ImageObject\",\"inLanguage\":\"fr-FR\",\"@id\":\"https:\\\/\\\/azoravoyages.com\\\/fr\\\/#\\\/schema\\\/logo\\\/image\\\/\",\"url\":\"https:\\\/\\\/i0.wp.com\\\/azoravoyages.com\\\/wp-content\\\/uploads\\\/2023\\\/09\\\/LOGO-1.jpg?fit=4000%2C4000&ssl=1\",\"contentUrl\":\"https:\\\/\\\/i0.wp.com\\\/azoravoyages.com\\\/wp-content\\\/uploads\\\/2023\\\/09\\\/LOGO-1.jpg?fit=4000%2C4000&ssl=1\",\"width\":4000,\"height\":4000,\"caption\":\"AZORA\"},\"image\":{\"@id\":\"https:\\\/\\\/azoravoyages.com\\\/fr\\\/#\\\/schema\\\/logo\\\/image\\\/\"},\"sameAs\":[\"https:\\\/\\\/www.facebook.com\\\/azoraagency\",\"https:\\\/\\\/www.instagram.com\\\/azora_agency\"]}]}<\/script>\n<!-- \/ Yoast SEO plugin. -->","yoast_head_json":{"title":"AZORA - AZORA","description":"Nous sommes enti\u00e8rement d\u00e9vou\u00e9s \u00e0 \u00e0 vous offrir la meilleure exp\u00e9rience. Votre satisfaction est notre indicateur de performance. En savoir plus sur AZORA Voyages.","robots":{"index":"index","follow":"follow","max-snippet":"max-snippet:-1","max-image-preview":"max-image-preview:large","max-video-preview":"max-video-preview:-1"},"canonical":"https:\/\/azoravoyages.com\/fr\/a-propos-de-nous\/","og_locale":"fr_FR","og_type":"article","og_title":"AZORA - AZORA","og_description":"Nous sommes enti\u00e8rement d\u00e9vou\u00e9s \u00e0 \u00e0 vous offrir la meilleure exp\u00e9rience. Votre satisfaction est notre indicateur de performance. En savoir plus sur AZORA Voyages.","og_url":"https:\/\/azoravoyages.com\/fr\/a-propos-de-nous\/","og_site_name":"AZORA","article_publisher":"https:\/\/www.facebook.com\/azoraagency","article_modified_time":"2024-01-30T08:21:27+00:00","og_image":[{"url":"https:\/\/azoravoyages.com\/wp-content\/uploads\/2023\/09\/pexels-photo-18134892-1024x682.jpeg","type":"","width":"","height":""}],"twitter_card":"summary_large_image","twitter_misc":{"Dur\u00e9e de lecture estim\u00e9e":"1 minute"},"schema":{"@context":"https:\/\/schema.org","@graph":[{"@type":"WebPage","@id":"https:\/\/azoravoyages.com\/fr\/a-propos-de-nous\/","url":"https:\/\/azoravoyages.com\/fr\/a-propos-de-nous\/","name":"AZORA - AZORA","isPartOf":{"@id":"https:\/\/azoravoyages.com\/fr\/#website"},"primaryImageOfPage":{"@id":"https:\/\/azoravoyages.com\/fr\/a-propos-de-nous\/#primaryimage"},"image":{"@id":"https:\/\/azoravoyages.com\/fr\/a-propos-de-nous\/#primaryimage"},"thumbnailUrl":"https:\/\/azoravoyages.com\/wp-content\/uploads\/2023\/09\/pexels-photo-18134892-1024x682.jpeg","datePublished":"2023-02-24T17:05:47+00:00","dateModified":"2024-01-30T08:21:27+00:00","description":"Nous sommes enti\u00e8rement d\u00e9vou\u00e9s \u00e0 \u00e0 vous offrir la meilleure exp\u00e9rience. Votre satisfaction est notre indicateur de performance. En savoir plus sur AZORA Voyages.","breadcrumb":{"@id":"https:\/\/azoravoyages.com\/fr\/a-propos-de-nous\/#breadcrumb"},"inLanguage":"fr-FR","potentialAction":[{"@type":"ReadAction","target":["https:\/\/azoravoyages.com\/fr\/a-propos-de-nous\/"]}]},{"@type":"ImageObject","inLanguage":"fr-FR","@id":"https:\/\/azoravoyages.com\/fr\/a-propos-de-nous\/#primaryimage","url":"https:\/\/azoravoyages.com\/wp-content\/uploads\/2023\/09\/pexels-photo-18134892-1024x682.jpeg","contentUrl":"https:\/\/azoravoyages.com\/wp-content\/uploads\/2023\/09\/pexels-photo-18134892-1024x682.jpeg"},{"@type":"BreadcrumbList","@id":"https:\/\/azoravoyages.com\/fr\/a-propos-de-nous\/#breadcrumb","itemListElement":[{"@type":"ListItem","position":1,"name":"Accueil","item":"https:\/\/azoravoyages.com\/fr\/"},{"@type":"ListItem","position":2,"name":"AZORA"}]},{"@type":"WebSite","@id":"https:\/\/azoravoyages.com\/fr\/#website","url":"https:\/\/azoravoyages.com\/fr\/","name":"AZORA","description":"Travel differently.","publisher":{"@id":"https:\/\/azoravoyages.com\/fr\/#organization"},"potentialAction":[{"@type":"SearchAction","target":{"@type":"EntryPoint","urlTemplate":"https:\/\/azoravoyages.com\/fr\/?s={search_term_string}"},"query-input":{"@type":"PropertyValueSpecification","valueRequired":true,"valueName":"search_term_string"}}],"inLanguage":"fr-FR"},{"@type":"Organization","@id":"https:\/\/azoravoyages.com\/fr\/#organization","name":"AZORA","url":"https:\/\/azoravoyages.com\/fr\/","logo":{"@type":"ImageObject","inLanguage":"fr-FR","@id":"https:\/\/azoravoyages.com\/fr\/#\/schema\/logo\/image\/","url":"https:\/\/i0.wp.com\/azoravoyages.com\/wp-content\/uploads\/2023\/09\/LOGO-1.jpg?fit=4000%2C4000&ssl=1","contentUrl":"https:\/\/i0.wp.com\/azoravoyages.com\/wp-content\/uploads\/2023\/09\/LOGO-1.jpg?fit=4000%2C4000&ssl=1","width":4000,"height":4000,"caption":"AZORA"},"image":{"@id":"https:\/\/azoravoyages.com\/fr\/#\/schema\/logo\/image\/"},"sameAs":["https:\/\/www.facebook.com\/azoraagency","https:\/\/www.instagram.com\/azora_agency"]}]}},"jetpack_likes_enabled":false,"jetpack_sharing_enabled":true,"jetpack_shortlink":"https:\/\/wp.me\/PeAyuD-1Ft","jetpack-related-posts":[],"_links":{"self":[{"href":"https:\/\/azoravoyages.com\/fr\/wp-json\/wp\/v2\/pages\/6415","targetHints":{"allow":["GET"]}}],"collection":[{"href":"https:\/\/azoravoyages.com\/fr\/wp-json\/wp\/v2\/pages"}],"about":[{"href":"https:\/\/azoravoyages.com\/fr\/wp-json\/wp\/v2\/types\/page"}],"author":[{"embeddable":true,"href":"https:\/\/azoravoyages.com\/fr\/wp-json\/wp\/v2\/users\/231716647"}],"replies":[{"embeddable":true,"href":"https:\/\/azoravoyages.com\/fr\/wp-json\/wp\/v2\/comments?post=6415"}],"version-history":[{"count":21,"href":"https:\/\/azoravoyages.com\/fr\/wp-json\/wp\/v2\/pages\/6415\/revisions"}],"predecessor-version":[{"id":12611,"href":"https:\/\/azoravoyages.com\/fr\/wp-json\/wp\/v2\/pages\/6415\/revisions\/12611"}],"wp:attachment":[{"href":"https:\/\/azoravoyages.com\/fr\/wp-json\/wp\/v2\/media?parent=6415"}],"curies":[{"name":"wp","href":"https:\/\/api.w.org\/{rel}","templated":true}]}}