{"id":6411,"date":"2023-03-10T17:20:49","date_gmt":"2023-03-10T16:20:49","guid":{"rendered":"https:\/\/azoravoyages.com\/transports\/billets-davion\/"},"modified":"2024-06-06T10:24:10","modified_gmt":"2024-06-06T08:24:10","slug":"billets-davion","status":"publish","type":"page","link":"https:\/\/azoravoyages.com\/fr\/transports\/billets-davion\/","title":{"rendered":"Billets d&rsquo;avion"},"content":{"rendered":"\n<div class=\"wp-block-media-text alignfull is-stacked-on-mobile is-image-fill has-background\" style=\"background-color:#e2edf1\"><figure class=\"wp-block-media-text__media\" style=\"background-image:url(https:\/\/azoravoyages.com\/wp-content\/uploads\/2023\/03\/pexels-photo-1262304-983x1024.jpeg);background-position:65% 51%\"><img data-recalc-dims=\"1\" loading=\"lazy\" decoding=\"async\" width=\"983\" height=\"1024\" src=\"https:\/\/i0.wp.com\/azoravoyages.com\/wp-content\/uploads\/2023\/03\/pexels-photo-1262304.jpeg?resize=983%2C1024&#038;ssl=1\" alt=\"Avion en papier\" class=\"wp-image-2796 size-full\" srcset=\"https:\/\/i0.wp.com\/azoravoyages.com\/wp-content\/uploads\/2023\/03\/pexels-photo-1262304.jpeg?resize=983%2C1024&amp;ssl=1 983w, https:\/\/i0.wp.com\/azoravoyages.com\/wp-content\/uploads\/2023\/03\/pexels-photo-1262304.jpeg?resize=288%2C300&amp;ssl=1 288w, https:\/\/i0.wp.com\/azoravoyages.com\/wp-content\/uploads\/2023\/03\/pexels-photo-1262304.jpeg?resize=768%2C800&amp;ssl=1 768w, https:\/\/i0.wp.com\/azoravoyages.com\/wp-content\/uploads\/2023\/03\/pexels-photo-1262304.jpeg?resize=1200%2C1250&amp;ssl=1 1200w, https:\/\/i0.wp.com\/azoravoyages.com\/wp-content\/uploads\/2023\/03\/pexels-photo-1262304.jpeg?w=1248&amp;ssl=1 1248w\" sizes=\"auto, (max-width: 983px) 100vw, 983px\" \/><\/figure><div class=\"wp-block-media-text__content\">\n<div class=\"wp-block-cover is-light\" style=\"min-height:95vh;aspect-ratio:unset;\"><span aria-hidden=\"true\" class=\"wp-block-cover__background has-background-dim-100 has-background-dim\" style=\"background-color:#e2edf1\"><\/span><div class=\"wp-block-cover__inner-container is-layout-flow wp-block-cover-is-layout-flow\">\n<div class=\"wp-block-group has-black-color has-text-color has-link-color wp-elements-c32d88350efe014972f038523f53a481 is-layout-constrained wp-block-group-is-layout-constrained\">\n<p class=\"has-text-align-center wp-block-paragraph\"><strong>Emma &amp; Gabriel<\/strong>, <em>Belgique<\/em><\/p>\n\n\n\n<p class=\"has-text-align-center wp-block-paragraph\">\u00ab\u00a0Nous avons commenc\u00e9 \u00e0 utiliser Kiwi car c&rsquo;est de loin le meilleur comparateur de vols du march\u00e9, ils proposent les vols les moins chers. Une v\u00e9ritable r\u00e9volution pour les voyageurs.\u00a0\u00bb<\/p>\n<\/div>\n<\/div><\/div>\n<\/div><\/div>\n\n\n\n<p class=\"wp-block-paragraph\"><\/p>\n\n\n\n<div style=\"height:60px\" aria-hidden=\"true\" class=\"wp-block-spacer\"><\/div>\n\n\n\n<div class=\"wp-block-columns is-layout-flex wp-container-core-columns-is-layout-79fb870f wp-block-columns-is-layout-flex\">\n<div class=\"wp-block-column is-layout-flow wp-block-column-is-layout-flow\"><\/div>\n\n\n\n<div class=\"wp-block-column is-layout-flow wp-block-column-is-layout-flow\" style=\"flex-basis:68%\">\n<p class=\"wp-block-paragraph\">R\u00e9servez vos billets d&rsquo;avion au prix le plus bas partout dans le monde. AZORA Voyages vous propose les meilleurs comparateurs de vols du march\u00e9. La solution id\u00e9ale pour obtenir vos billets d&rsquo;avion pas chers. Kiwi est un comparateur de vols reconnu et leader sur son march\u00e9.<\/p>\n\n\n\n<p class=\"wp-block-paragraph\">N&rsquo;attendez plus, c&rsquo;est le moment de voyager ! Faites vos simulations ci-dessous :<\/p>\n<\/div>\n\n\n\n<div class=\"wp-block-column is-layout-flow wp-block-column-is-layout-flow\"><\/div>\n<\/div>\n\n\n\n<div style=\"height:35px\" aria-hidden=\"true\" class=\"wp-block-spacer\"><\/div>\n\n\n\n<div class=\"wp-block-columns is-layout-flex wp-container-core-columns-is-layout-79fb870f wp-block-columns-is-layout-flex\">\n<div class=\"wp-block-column is-layout-flow wp-block-column-is-layout-flow\"><\/div>\n\n\n\n<div class=\"wp-block-column is-layout-flow wp-block-column-is-layout-flow\" style=\"flex-basis:75%\"><p><script async src=\"https:\/\/c111.travelpayouts.com\/content?currency=usd&#038;trs=276302&#038;shmarker=418057&#038;from_name=CDG&#038;to_name=PTY&#038;locale=en&#038;powered_by=true&#038;limit=4&#038;primary_color=00AE98&#038;results_background_color=FFFFFF&#038;form_background_color=FFFFFF&#038;promo_id=3411\" charset=\"utf-8\"><\/script><\/p>\n<\/div>\n\n\n\n<div class=\"wp-block-column is-layout-flow wp-block-column-is-layout-flow\"><\/div>\n<\/div>\n\n\n\n<div style=\"height:60px\" aria-hidden=\"true\" class=\"wp-block-spacer\"><\/div>\n\n\n\n<div class=\"wp-block-columns is-layout-flex wp-container-core-columns-is-layout-79fb870f wp-block-columns-is-layout-flex\">\n<div class=\"wp-block-column is-layout-flow wp-block-column-is-layout-flow\"><\/div>\n\n\n\n<div class=\"wp-block-column is-layout-flow wp-block-column-is-layout-flow\" style=\"flex-basis:68%\">\n<p class=\"wp-block-paragraph\">Parce qu&rsquo;il est toujours mieux d&rsquo;avoir deux options ! <\/p>\n\n\n\n<p class=\"wp-block-paragraph\">WayAway est un outil intuitif et facile \u00e0 utiliser qui permet des options de vols multi-destinations et vise \u00e0 vous aider \u00e0 \u00e9conomiser de l&rsquo;argent si vous voyagez beaucoup, comme expliqu\u00e9 ci-dessous.<\/p>\n\n\n\n<p class=\"wp-block-paragraph\">Si vous voyagez souvent, l&rsquo;option WayAway Plus est une super bonne affaire ! Oubliez le pi\u00e8ge des points bonus, il s&rsquo;agit de la premi\u00e8re adh\u00e9sion qui vous permet de r\u00e9cup\u00e9rer de l&rsquo;argent directement sur votre compte bancaire pour tous les voyages que vous effectuez. <\/p>\n\n\n\n<p class=\"wp-block-paragraph\">Alerte bon plan &#8211; 10% de r\u00e9duction sur votre premier plan d&rsquo;adh\u00e9sion WayAway Plus avec notre code promotionnel : <strong>AZORACLIENTS<\/strong><\/p>\n<\/div>\n\n\n\n<div class=\"wp-block-column is-layout-flow wp-block-column-is-layout-flow\"><\/div>\n<\/div>\n\n\n\n<div style=\"height:35px\" aria-hidden=\"true\" class=\"wp-block-spacer\"><\/div>\n\n\n\n<div class=\"wp-block-columns is-layout-flex wp-container-core-columns-is-layout-79fb870f wp-block-columns-is-layout-flex\">\n<div class=\"wp-block-column is-layout-flow wp-block-column-is-layout-flow\"><\/div>\n\n\n\n<div class=\"wp-block-column is-layout-flow wp-block-column-is-layout-flow\" style=\"flex-basis:75%\"><p><script src=\"https:\/\/tp.media\/content?trs=216384&amp;shmarker=418057&amp;locale=en_us&amp;Checkbox_9=false&amp;powered_by=true&amp;primary=%23E2EDF1&amp;dark=%230C131D&amp;light=%23FFFFFF&amp;secondary=%236BD4CD&amp;promo_id=7293&amp;campaign_id=200\" charset=\"utf-8\"><\/script><\/p>\n<\/div>\n\n\n\n<div class=\"wp-block-column is-layout-flow wp-block-column-is-layout-flow\"><\/div>\n<\/div>\n\n\n\n<div style=\"height:60px\" aria-hidden=\"true\" class=\"wp-block-spacer\"><\/div>\n\n\n\n<div class=\"wp-block-group alignfull bricksy-travel-color-me-in has-background is-layout-constrained wp-container-core-group-is-layout-90169583 wp-block-group-is-layout-constrained\" style=\"background:linear-gradient(135deg,rgb(226,237,241) 0%,rgb(107,212,205) 100%);padding-top:8rem;padding-right:2rem;padding-bottom:8rem;padding-left:2rem\">\n<p class=\"has-text-align-center wp-block-paragraph\"><strong>FAITES LE PREMIER PAS<\/strong><\/p>\n\n\n\n<h2 class=\"wp-block-heading has-text-align-center\" id=\"schedule-a-visit\" style=\"font-size:48px\">Nous sommes l\u00e0 pour vous accompagner \u00e0 chaque \u00e9tape<\/h2>\n\n\n\n<div class=\"wp-block-buttons is-horizontal is-content-justification-center is-layout-flex wp-container-core-buttons-is-layout-cbad53a9 wp-block-buttons-is-layout-flex\">\n<div class=\"wp-block-button has-custom-width wp-block-button__width-50 is-style-outline is-style-outline--1\"><a class=\"wp-block-button__link wp-element-button\" href=\"https:\/\/azoravoyages.com\/fr\/demander-un-devis\/\" style=\"border-radius:0px\">NOUS CONTACTER<\/a><\/div>\n<\/div>\n<\/div>\n","protected":false},"excerpt":{"rendered":"<p>R\u00e9servez vos billets d&rsquo;avion au prix le plus bas partout dans le monde. AZORA Voyages vous propose les meilleurs comparateurs de vols du march\u00e9. La solution id\u00e9ale pour obtenir vos billets d&rsquo;avion pas chers. Kiwi est un comparateur de vols reconnu et leader sur son march\u00e9. N&rsquo;attendez plus, c&rsquo;est le moment de voyager ! Faites [&hellip;]<\/p>\n","protected":false},"author":231716647,"featured_media":0,"parent":6409,"menu_order":1,"comment_status":"closed","ping_status":"closed","template":"","meta":{"_crdt_document":"","content-type":"","jetpack_post_was_ever_published":false,"footnotes":""},"class_list":["post-6411","page","type-page","status-publish","hentry"],"yoast_head":"<!-- This site is optimized with the Yoast SEO plugin v27.3 - https:\/\/yoast.com\/product\/yoast-seo-wordpress\/ -->\n<title>Billets d&#039;avion - AZORA - Vos vols aux meilleurs prix<\/title>\n<meta name=\"robots\" content=\"index, follow, max-snippet:-1, max-image-preview:large, max-video-preview:-1\" \/>\n<link rel=\"canonical\" href=\"https:\/\/azoravoyages.com\/fr\/transports\/billets-davion\/\" \/>\n<meta property=\"og:locale\" content=\"fr_FR\" \/>\n<meta property=\"og:type\" content=\"article\" \/>\n<meta property=\"og:title\" content=\"Billets d&#039;avion - AZORA - Vos vols aux meilleurs prix\" \/>\n<meta property=\"og:description\" content=\"R\u00e9servez vos billets d&rsquo;avion au prix le plus bas partout dans le monde. AZORA Voyages vous propose les meilleurs comparateurs de vols du march\u00e9. La solution id\u00e9ale pour obtenir vos billets d&rsquo;avion pas chers. Kiwi est un comparateur de vols reconnu et leader sur son march\u00e9. N&rsquo;attendez plus, c&rsquo;est le moment de voyager ! Faites [&hellip;]\" \/>\n<meta property=\"og:url\" content=\"https:\/\/azoravoyages.com\/fr\/transports\/billets-davion\/\" \/>\n<meta property=\"og:site_name\" content=\"AZORA\" \/>\n<meta property=\"article:publisher\" content=\"https:\/\/www.facebook.com\/azoraagency\" \/>\n<meta property=\"article:modified_time\" content=\"2024-06-06T08:24:10+00:00\" \/>\n<meta property=\"og:image\" content=\"https:\/\/azoravoyages.com\/wp-content\/uploads\/2023\/03\/pexels-photo-1262304-983x1024.jpeg\" \/>\n<meta name=\"twitter:card\" content=\"summary_large_image\" \/>\n<meta name=\"twitter:label1\" content=\"Dur\u00e9e de lecture estim\u00e9e\" \/>\n\t<meta name=\"twitter:data1\" content=\"2 minutes\" \/>\n<script type=\"application\/ld+json\" class=\"yoast-schema-graph\">{\"@context\":\"https:\\\/\\\/schema.org\",\"@graph\":[{\"@type\":\"WebPage\",\"@id\":\"https:\\\/\\\/azoravoyages.com\\\/fr\\\/transports\\\/billets-davion\\\/\",\"url\":\"https:\\\/\\\/azoravoyages.com\\\/fr\\\/transports\\\/billets-davion\\\/\",\"name\":\"Billets d'avion - AZORA - Vos vols aux meilleurs prix\",\"isPartOf\":{\"@id\":\"https:\\\/\\\/azoravoyages.com\\\/fr\\\/#website\"},\"primaryImageOfPage\":{\"@id\":\"https:\\\/\\\/azoravoyages.com\\\/fr\\\/transports\\\/billets-davion\\\/#primaryimage\"},\"image\":{\"@id\":\"https:\\\/\\\/azoravoyages.com\\\/fr\\\/transports\\\/billets-davion\\\/#primaryimage\"},\"thumbnailUrl\":\"https:\\\/\\\/azoravoyages.com\\\/wp-content\\\/uploads\\\/2023\\\/03\\\/pexels-photo-1262304-983x1024.jpeg\",\"datePublished\":\"2023-03-10T16:20:49+00:00\",\"dateModified\":\"2024-06-06T08:24:10+00:00\",\"breadcrumb\":{\"@id\":\"https:\\\/\\\/azoravoyages.com\\\/fr\\\/transports\\\/billets-davion\\\/#breadcrumb\"},\"inLanguage\":\"fr-FR\",\"potentialAction\":[{\"@type\":\"ReadAction\",\"target\":[\"https:\\\/\\\/azoravoyages.com\\\/fr\\\/transports\\\/billets-davion\\\/\"]}]},{\"@type\":\"ImageObject\",\"inLanguage\":\"fr-FR\",\"@id\":\"https:\\\/\\\/azoravoyages.com\\\/fr\\\/transports\\\/billets-davion\\\/#primaryimage\",\"url\":\"https:\\\/\\\/azoravoyages.com\\\/wp-content\\\/uploads\\\/2023\\\/03\\\/pexels-photo-1262304-983x1024.jpeg\",\"contentUrl\":\"https:\\\/\\\/azoravoyages.com\\\/wp-content\\\/uploads\\\/2023\\\/03\\\/pexels-photo-1262304-983x1024.jpeg\"},{\"@type\":\"BreadcrumbList\",\"@id\":\"https:\\\/\\\/azoravoyages.com\\\/fr\\\/transports\\\/billets-davion\\\/#breadcrumb\",\"itemListElement\":[{\"@type\":\"ListItem\",\"position\":1,\"name\":\"Accueil\",\"item\":\"https:\\\/\\\/azoravoyages.com\\\/fr\\\/\"},{\"@type\":\"ListItem\",\"position\":2,\"name\":\"Transferts\",\"item\":\"https:\\\/\\\/azoravoyages.com\\\/fr\\\/transports\\\/\"},{\"@type\":\"ListItem\",\"position\":3,\"name\":\"Billets d&#8217;avion\"}]},{\"@type\":\"WebSite\",\"@id\":\"https:\\\/\\\/azoravoyages.com\\\/fr\\\/#website\",\"url\":\"https:\\\/\\\/azoravoyages.com\\\/fr\\\/\",\"name\":\"AZORA\",\"description\":\"Travel differently.\",\"publisher\":{\"@id\":\"https:\\\/\\\/azoravoyages.com\\\/fr\\\/#organization\"},\"potentialAction\":[{\"@type\":\"SearchAction\",\"target\":{\"@type\":\"EntryPoint\",\"urlTemplate\":\"https:\\\/\\\/azoravoyages.com\\\/fr\\\/?s={search_term_string}\"},\"query-input\":{\"@type\":\"PropertyValueSpecification\",\"valueRequired\":true,\"valueName\":\"search_term_string\"}}],\"inLanguage\":\"fr-FR\"},{\"@type\":\"Organization\",\"@id\":\"https:\\\/\\\/azoravoyages.com\\\/fr\\\/#organization\",\"name\":\"AZORA\",\"url\":\"https:\\\/\\\/azoravoyages.com\\\/fr\\\/\",\"logo\":{\"@type\":\"ImageObject\",\"inLanguage\":\"fr-FR\",\"@id\":\"https:\\\/\\\/azoravoyages.com\\\/fr\\\/#\\\/schema\\\/logo\\\/image\\\/\",\"url\":\"https:\\\/\\\/i0.wp.com\\\/azoravoyages.com\\\/wp-content\\\/uploads\\\/2023\\\/09\\\/LOGO-1.jpg?fit=4000%2C4000&ssl=1\",\"contentUrl\":\"https:\\\/\\\/i0.wp.com\\\/azoravoyages.com\\\/wp-content\\\/uploads\\\/2023\\\/09\\\/LOGO-1.jpg?fit=4000%2C4000&ssl=1\",\"width\":4000,\"height\":4000,\"caption\":\"AZORA\"},\"image\":{\"@id\":\"https:\\\/\\\/azoravoyages.com\\\/fr\\\/#\\\/schema\\\/logo\\\/image\\\/\"},\"sameAs\":[\"https:\\\/\\\/www.facebook.com\\\/azoraagency\",\"https:\\\/\\\/www.instagram.com\\\/azora_agency\"]}]}<\/script>\n<!-- \/ Yoast SEO plugin. -->","yoast_head_json":{"title":"Billets d'avion - AZORA - Vos vols aux meilleurs prix","robots":{"index":"index","follow":"follow","max-snippet":"max-snippet:-1","max-image-preview":"max-image-preview:large","max-video-preview":"max-video-preview:-1"},"canonical":"https:\/\/azoravoyages.com\/fr\/transports\/billets-davion\/","og_locale":"fr_FR","og_type":"article","og_title":"Billets d'avion - AZORA - Vos vols aux meilleurs prix","og_description":"R\u00e9servez vos billets d&rsquo;avion au prix le plus bas partout dans le monde. AZORA Voyages vous propose les meilleurs comparateurs de vols du march\u00e9. La solution id\u00e9ale pour obtenir vos billets d&rsquo;avion pas chers. Kiwi est un comparateur de vols reconnu et leader sur son march\u00e9. N&rsquo;attendez plus, c&rsquo;est le moment de voyager ! Faites [&hellip;]","og_url":"https:\/\/azoravoyages.com\/fr\/transports\/billets-davion\/","og_site_name":"AZORA","article_publisher":"https:\/\/www.facebook.com\/azoraagency","article_modified_time":"2024-06-06T08:24:10+00:00","og_image":[{"url":"https:\/\/azoravoyages.com\/wp-content\/uploads\/2023\/03\/pexels-photo-1262304-983x1024.jpeg","type":"","width":"","height":""}],"twitter_card":"summary_large_image","twitter_misc":{"Dur\u00e9e de lecture estim\u00e9e":"2 minutes"},"schema":{"@context":"https:\/\/schema.org","@graph":[{"@type":"WebPage","@id":"https:\/\/azoravoyages.com\/fr\/transports\/billets-davion\/","url":"https:\/\/azoravoyages.com\/fr\/transports\/billets-davion\/","name":"Billets d'avion - AZORA - Vos vols aux meilleurs prix","isPartOf":{"@id":"https:\/\/azoravoyages.com\/fr\/#website"},"primaryImageOfPage":{"@id":"https:\/\/azoravoyages.com\/fr\/transports\/billets-davion\/#primaryimage"},"image":{"@id":"https:\/\/azoravoyages.com\/fr\/transports\/billets-davion\/#primaryimage"},"thumbnailUrl":"https:\/\/azoravoyages.com\/wp-content\/uploads\/2023\/03\/pexels-photo-1262304-983x1024.jpeg","datePublished":"2023-03-10T16:20:49+00:00","dateModified":"2024-06-06T08:24:10+00:00","breadcrumb":{"@id":"https:\/\/azoravoyages.com\/fr\/transports\/billets-davion\/#breadcrumb"},"inLanguage":"fr-FR","potentialAction":[{"@type":"ReadAction","target":["https:\/\/azoravoyages.com\/fr\/transports\/billets-davion\/"]}]},{"@type":"ImageObject","inLanguage":"fr-FR","@id":"https:\/\/azoravoyages.com\/fr\/transports\/billets-davion\/#primaryimage","url":"https:\/\/azoravoyages.com\/wp-content\/uploads\/2023\/03\/pexels-photo-1262304-983x1024.jpeg","contentUrl":"https:\/\/azoravoyages.com\/wp-content\/uploads\/2023\/03\/pexels-photo-1262304-983x1024.jpeg"},{"@type":"BreadcrumbList","@id":"https:\/\/azoravoyages.com\/fr\/transports\/billets-davion\/#breadcrumb","itemListElement":[{"@type":"ListItem","position":1,"name":"Accueil","item":"https:\/\/azoravoyages.com\/fr\/"},{"@type":"ListItem","position":2,"name":"Transferts","item":"https:\/\/azoravoyages.com\/fr\/transports\/"},{"@type":"ListItem","position":3,"name":"Billets d&#8217;avion"}]},{"@type":"WebSite","@id":"https:\/\/azoravoyages.com\/fr\/#website","url":"https:\/\/azoravoyages.com\/fr\/","name":"AZORA","description":"Travel differently.","publisher":{"@id":"https:\/\/azoravoyages.com\/fr\/#organization"},"potentialAction":[{"@type":"SearchAction","target":{"@type":"EntryPoint","urlTemplate":"https:\/\/azoravoyages.com\/fr\/?s={search_term_string}"},"query-input":{"@type":"PropertyValueSpecification","valueRequired":true,"valueName":"search_term_string"}}],"inLanguage":"fr-FR"},{"@type":"Organization","@id":"https:\/\/azoravoyages.com\/fr\/#organization","name":"AZORA","url":"https:\/\/azoravoyages.com\/fr\/","logo":{"@type":"ImageObject","inLanguage":"fr-FR","@id":"https:\/\/azoravoyages.com\/fr\/#\/schema\/logo\/image\/","url":"https:\/\/i0.wp.com\/azoravoyages.com\/wp-content\/uploads\/2023\/09\/LOGO-1.jpg?fit=4000%2C4000&ssl=1","contentUrl":"https:\/\/i0.wp.com\/azoravoyages.com\/wp-content\/uploads\/2023\/09\/LOGO-1.jpg?fit=4000%2C4000&ssl=1","width":4000,"height":4000,"caption":"AZORA"},"image":{"@id":"https:\/\/azoravoyages.com\/fr\/#\/schema\/logo\/image\/"},"sameAs":["https:\/\/www.facebook.com\/azoraagency","https:\/\/www.instagram.com\/azora_agency"]}]}},"jetpack_likes_enabled":false,"jetpack_sharing_enabled":true,"jetpack_shortlink":"https:\/\/wp.me\/PeAyuD-1Fp","jetpack-related-posts":[],"_links":{"self":[{"href":"https:\/\/azoravoyages.com\/fr\/wp-json\/wp\/v2\/pages\/6411","targetHints":{"allow":["GET"]}}],"collection":[{"href":"https:\/\/azoravoyages.com\/fr\/wp-json\/wp\/v2\/pages"}],"about":[{"href":"https:\/\/azoravoyages.com\/fr\/wp-json\/wp\/v2\/types\/page"}],"author":[{"embeddable":true,"href":"https:\/\/azoravoyages.com\/fr\/wp-json\/wp\/v2\/users\/231716647"}],"replies":[{"embeddable":true,"href":"https:\/\/azoravoyages.com\/fr\/wp-json\/wp\/v2\/comments?post=6411"}],"version-history":[{"count":13,"href":"https:\/\/azoravoyages.com\/fr\/wp-json\/wp\/v2\/pages\/6411\/revisions"}],"predecessor-version":[{"id":22055,"href":"https:\/\/azoravoyages.com\/fr\/wp-json\/wp\/v2\/pages\/6411\/revisions\/22055"}],"up":[{"embeddable":true,"href":"https:\/\/azoravoyages.com\/fr\/wp-json\/wp\/v2\/pages\/6409"}],"wp:attachment":[{"href":"https:\/\/azoravoyages.com\/fr\/wp-json\/wp\/v2\/media?parent=6411"}],"curies":[{"name":"wp","href":"https:\/\/api.w.org\/{rel}","templated":true}]}}